{"id":3400,"date":"2024-10-10T10:35:26","date_gmt":"2024-10-10T10:35:26","guid":{"rendered":"https:\/\/store.hbty006.com\/?page_id=3400"},"modified":"2025-03-12T11:31:04","modified_gmt":"2025-03-12T11:31:04","slug":"datdrop-review","status":"publish","type":"page","link":"https:\/\/store.hbty006.com\/de\/datdrop-bewertung\/","title":{"rendered":"Datdrop Review"},"content":{"rendered":"<div data-elementor-type=\"wp-page\" data-elementor-id=\"3400\" class=\"elementor elementor-3400\">\n\t\t\t\t<div class=\"elementor-element elementor-element-70aa400 e-flex e-con-boxed e-con e-parent\" data-id=\"70aa400\" data-element_type=\"container\">\n\t\t\t\t\t<div class=\"e-con-inner\">\n\t\t\t\t<div class=\"elementor-element elementor-element-6741f55 elementor-widget elementor-widget-heading\" data-id=\"6741f55\" data-element_type=\"widget\" data-widget_type=\"heading.default\">\n\t\t\t\t<div class=\"elementor-widget-container\">\n\t\t\t<style>\/*! elementor - v3.23.0 - 05-08-2024 *\/\n.elementor-heading-title{padding:0;margin:0;line-height:1}.elementor-widget-heading .elementor-heading-title[class*=elementor-size-]>a{color:inherit;font-size:inherit;line-height:inherit}.elementor-widget-heading .elementor-heading-title.elementor-size-small{font-size:15px}.elementor-widget-heading .elementor-heading-title.elementor-size-medium{font-size:19px}.elementor-widget-heading .elementor-heading-title.elementor-size-large{font-size:29px}.elementor-widget-heading .elementor-heading-title.elementor-size-xl{font-size:39px}.elementor-widget-heading .elementor-heading-title.elementor-size-xxl{font-size:59px}<\/style><h1 class=\"elementor-heading-title elementor-size-default\">DatDrop.com Bewertung <span>- April 2026<\/span><\/h1>\t\t<\/div>\n\t\t\t\t<\/div>\n\t\t\t\t<div class=\"elementor-element elementor-element-c5352da elementor-widget elementor-widget-text-editor\" data-id=\"c5352da\" data-element_type=\"widget\" data-widget_type=\"text-editor.default\">\n\t\t\t\t<div class=\"elementor-widget-container\">\n\t\t\t<style>\/*! elementor - v3.23.0 - 05-08-2024 *\/\n.elementor-widget-text-editor.elementor-drop-cap-view-stacked .elementor-drop-cap{background-color:#69727d;color:#fff}.elementor-widget-text-editor.elementor-drop-cap-view-framed .elementor-drop-cap{color:#69727d;border:3px solid;background-color:transparent}.elementor-widget-text-editor:not(.elementor-drop-cap-view-default) .elementor-drop-cap{margin-top:8px}.elementor-widget-text-editor:not(.elementor-drop-cap-view-default) .elementor-drop-cap-letter{width:1em;height:1em}.elementor-widget-text-editor .elementor-drop-cap{float:left;text-align:center;line-height:1;font-size:50px}.elementor-widget-text-editor .elementor-drop-cap-letter{display:inline-block}<\/style>\t\t\t\t<p>DatDrop ist eine beliebte Website zum \u00d6ffnen von Cases f\u00fcr Counter-Strike 2 Skins. Neben den regul\u00e4ren Case Openings und Battles bietet DatDrop auch einen Skin Upgrader sowie ein l\u00e4ngeres Case Opening Battle namens Battle Royale an. Dieser Multiplayer-Modus kann bis zu 72 Teilnehmer aufnehmen.<\/p>\t\t\t\t\t\t<\/div>\n\t\t\t\t<\/div>\n\t\t\t\t<div class=\"elementor-element elementor-element-35dcdf2 elementor-align-left elementor-widget elementor-widget-button\" data-id=\"35dcdf2\" data-element_type=\"widget\" data-widget_type=\"button.default\">\n\t\t\t\t<div class=\"elementor-widget-container\">\n\t\t\t\t\t<div class=\"elementor-button-wrapper\">\n\t\t\t<a class=\"elementor-button elementor-button-link elementor-size-sm\" href=\"https:\/\/datdrop.com\/p\/promo555\">\n\t\t\t\t\t\t<span class=\"elementor-button-content-wrapper\">\n\t\t\t\t\t\t\t\t\t<span class=\"elementor-button-text\">Bonus erhalten<\/span>\n\t\t\t\t\t<\/span>\n\t\t\t\t\t<\/a>\n\t\t<\/div>\n\t\t\t\t<\/div>\n\t\t\t\t<\/div>\n\t\t\t\t<div class=\"elementor-element elementor-element-f49b280 elementor-widget elementor-widget-heading\" data-id=\"f49b280\" data-element_type=\"widget\" data-widget_type=\"heading.default\">\n\t\t\t\t<div class=\"elementor-widget-container\">\n\t\t\t<h2 class=\"elementor-heading-title elementor-size-default\">Wie verwendet man den DatDrop Code?<\/h2>\t\t<\/div>\n\t\t\t\t<\/div>\n\t\t\t\t<div class=\"elementor-element elementor-element-a0df68c elementor-widget elementor-widget-text-editor\" data-id=\"a0df68c\" data-element_type=\"widget\" data-widget_type=\"text-editor.default\">\n\t\t\t\t<div class=\"elementor-widget-container\">\n\t\t\t\t\t\t\t<p>1. <span style=\"font-weight: 400;\">\u00d6ffne einen Browser, gehe zu DatDrop.com und klicke auf \u201eMit Steam anmelden\u201c. Stelle sicher, dass du allen Bedingungen zustimmst, die im Pop-up-Fenster erscheinen.<\/span><\/p>\t\t\t\t\t\t<\/div>\n\t\t\t\t<\/div>\n\t\t\t\t<div class=\"elementor-element elementor-element-42b5aa2 elementor-widget elementor-widget-image\" data-id=\"42b5aa2\" data-element_type=\"widget\" data-widget_type=\"image.default\">\n\t\t\t\t<div class=\"elementor-widget-container\">\n\t\t\t<style>\/*! elementor - v3.23.0 - 05-08-2024 *\/\n.elementor-widget-image{text-align:center}.elementor-widget-image a{display:inline-block}.elementor-widget-image a img[src$=\".svg\"]{width:48px}.elementor-widget-image img{vertical-align:middle;display:inline-block}<\/style>\t\t\t\t\t\t\t\t\t\t<img fetchpriority=\"high\" decoding=\"async\" width=\"800\" height=\"491\" src=\"https:\/\/store.hbty006.com\/wp-content\/uploads\/2024\/09\/datdrop-review-bg1-1024x629.webp\" class=\"attachment-large size-large wp-image-843\" alt=\"DatDrop Review\" srcset=\"https:\/\/store.hbty006.com\/wp-content\/uploads\/2024\/09\/datdrop-review-bg1-1024x629.webp 1024w, https:\/\/store.hbty006.com\/wp-content\/uploads\/2024\/09\/datdrop-review-bg1-300x184.webp 300w, https:\/\/store.hbty006.com\/wp-content\/uploads\/2024\/09\/datdrop-review-bg1-768x472.webp 768w, https:\/\/store.hbty006.com\/wp-content\/uploads\/2024\/09\/datdrop-review-bg1.webp 1118w\" sizes=\"(max-width: 800px) 100vw, 800px\" \/>\t\t\t\t\t\t\t\t\t\t\t\t\t<\/div>\n\t\t\t\t<\/div>\n\t\t\t\t<div class=\"elementor-element elementor-element-0ad78bd elementor-widget elementor-widget-text-editor\" data-id=\"0ad78bd\" data-element_type=\"widget\" data-widget_type=\"text-editor.default\">\n\t\t\t\t<div class=\"elementor-widget-container\">\n\t\t\t\t\t\t\t<p>2. Nach der Anmeldung mit Steam klicke auf das \u201e+\u201c-Symbol neben deinem Namen. W\u00e4hle hier deine bevorzugte Zahlungsmethode aus.<\/p>\t\t\t\t\t\t<\/div>\n\t\t\t\t<\/div>\n\t\t\t\t<div class=\"elementor-element elementor-element-8c08ff8 elementor-widget elementor-widget-image\" data-id=\"8c08ff8\" data-element_type=\"widget\" data-widget_type=\"image.default\">\n\t\t\t\t<div class=\"elementor-widget-container\">\n\t\t\t\t\t\t\t\t\t\t\t\t\t<img decoding=\"async\" width=\"282\" height=\"310\" src=\"https:\/\/store.hbty006.com\/wp-content\/uploads\/2024\/09\/datdrop-review-bg2.webp\" class=\"attachment-large size-large wp-image-844\" alt=\"DatDrop Review\" srcset=\"https:\/\/store.hbty006.com\/wp-content\/uploads\/2024\/09\/datdrop-review-bg2.webp 282w, https:\/\/store.hbty006.com\/wp-content\/uploads\/2024\/09\/datdrop-review-bg2-273x300.webp 273w\" sizes=\"(max-width: 282px) 100vw, 282px\" \/>\t\t\t\t\t\t\t\t\t\t\t\t\t<\/div>\n\t\t\t\t<\/div>\n\t\t\t\t<div class=\"elementor-element elementor-element-7cdcaff elementor-widget elementor-widget-text-editor\" data-id=\"7cdcaff\" data-element_type=\"widget\" data-widget_type=\"text-editor.default\">\n\t\t\t\t<div class=\"elementor-widget-container\">\n\t\t\t\t\t\t\t<p>3. Klicke auf die Schaltfl\u00e4che \u201eADD PROMOCODE\u201c, gib \u201epromo555\u201c ein und klicke dann auf \u201eApply\u201c. Akzeptiere die im Pop-up-Fenster angezeigten Auszahlungsbedingungen und fahre mit der Aufladung fort.<\/p>\t\t\t\t\t\t<\/div>\n\t\t\t\t<\/div>\n\t\t\t\t<div class=\"elementor-element elementor-element-6634dd2 elementor-widget elementor-widget-image\" data-id=\"6634dd2\" data-element_type=\"widget\" data-widget_type=\"image.default\">\n\t\t\t\t<div class=\"elementor-widget-container\">\n\t\t\t\t\t\t\t\t\t\t\t\t\t<img decoding=\"async\" width=\"604\" height=\"402\" src=\"https:\/\/store.hbty006.com\/wp-content\/uploads\/2024\/09\/datdrop-review-bg3.webp\" class=\"attachment-large size-large wp-image-845\" alt=\"DatDrop Review\" srcset=\"https:\/\/store.hbty006.com\/wp-content\/uploads\/2024\/09\/datdrop-review-bg3.webp 604w, https:\/\/store.hbty006.com\/wp-content\/uploads\/2024\/09\/datdrop-review-bg3-300x200.webp 300w\" sizes=\"(max-width: 604px) 100vw, 604px\" \/>\t\t\t\t\t\t\t\t\t\t\t\t\t<\/div>\n\t\t\t\t<\/div>\n\t\t\t\t<div class=\"elementor-element elementor-element-7e0824c elementor-widget elementor-widget-text-editor\" data-id=\"7e0824c\" data-element_type=\"widget\" data-widget_type=\"text-editor.default\">\n\t\t\t\t<div class=\"elementor-widget-container\">\n\t\t\t\t\t\t\t<p>Das war alles, was du tun musst, um den DatDrop Promo-Code zu nutzen.<\/p>\t\t\t\t\t\t<\/div>\n\t\t\t\t<\/div>\n\t\t\t\t<div class=\"elementor-element elementor-element-35aaa65 elementor-align-left elementor-widget elementor-widget-button\" data-id=\"35aaa65\" data-element_type=\"widget\" data-widget_type=\"button.default\">\n\t\t\t\t<div class=\"elementor-widget-container\">\n\t\t\t\t\t<div class=\"elementor-button-wrapper\">\n\t\t\t<a class=\"elementor-button elementor-button-link elementor-size-sm\" href=\"https:\/\/datdrop.com\/p\/promo555\">\n\t\t\t\t\t\t<span class=\"elementor-button-content-wrapper\">\n\t\t\t\t\t\t\t\t\t<span class=\"elementor-button-text\">Jetzt unseren DatDrop Promo-Code nutzen<\/span>\n\t\t\t\t\t<\/span>\n\t\t\t\t\t<\/a>\n\t\t<\/div>\n\t\t\t\t<\/div>\n\t\t\t\t<\/div>\n\t\t\t\t<div class=\"elementor-element elementor-element-3269e8f elementor-widget elementor-widget-heading\" data-id=\"3269e8f\" data-element_type=\"widget\" data-widget_type=\"heading.default\">\n\t\t\t\t<div class=\"elementor-widget-container\">\n\t\t\t<h2 class=\"elementor-heading-title elementor-size-default\">Ist DatDrop seri\u00f6s?<\/h2>\t\t<\/div>\n\t\t\t\t<\/div>\n\t\t\t\t<div class=\"elementor-element elementor-element-9b2e3d3 elementor-widget elementor-widget-text-editor\" data-id=\"9b2e3d3\" data-element_type=\"widget\" data-widget_type=\"text-editor.default\">\n\t\t\t\t<div class=\"elementor-widget-container\">\n\t\t\t\t\t\t\t<p>Um festzustellen, ob DatDrop seri\u00f6s ist, m\u00fcssen wir die Details dieser Plattform untersuchen. Daher haben wir eine Liste der wichtigsten Informationen \u00fcber die Website zusammengestellt, damit du nichts verpasst.<\/p><p class=\"translation-block\">DatDrop ist eine etablierte Case Opening Seite, die seit 2017 in Betrieb ist. Auf DatDrop gibt es ein dediziertes, provably fair System, das Fairness auf der gesamten Plattform gew\u00e4hrleistet. Um dies noch transparenter zu machen, wurde eine Schritt-f\u00fcr-Schritt-Anleitung eingerichtet, die dir hilft, die Ergebnisse abgeschlossener Spiele zu \u00fcberpr\u00fcfen.<\/p><p>DatDrop hat eine hervorragende Bewertung von 4,2\/5 auf der unabh\u00e4ngigen Bewertungsplattform TrustPilot. Aktuell geh\u00f6rt die Seite zu den bestbewerteten Plattformen f\u00fcr Case Openings.<\/p>\t\t\t\t\t\t<\/div>\n\t\t\t\t<\/div>\n\t\t\t\t<div class=\"elementor-element elementor-element-d51caaf elementor-widget elementor-widget-heading\" data-id=\"d51caaf\" data-element_type=\"widget\" data-widget_type=\"heading.default\">\n\t\t\t\t<div class=\"elementor-widget-container\">\n\t\t\t<h2 class=\"elementor-heading-title elementor-size-default\">Welche Vorteile bieten DatDrop Codes?<\/h2>\t\t<\/div>\n\t\t\t\t<\/div>\n\t\t\t\t<div class=\"elementor-element elementor-element-dcabc52 elementor-widget elementor-widget-text-editor\" data-id=\"dcabc52\" data-element_type=\"widget\" data-widget_type=\"text-editor.default\">\n\t\t\t\t<div class=\"elementor-widget-container\">\n\t\t\t\t\t\t\t<p>DatDrop Bonuscodes bieten zahlreiche Vorteile. In diesem Abschnitt erf\u00e4hrst du, warum du sie auf keinen Fall verpassen solltest.<\/p>\t\t\t\t\t\t<\/div>\n\t\t\t\t<\/div>\n\t\t\t\t<div class=\"elementor-element elementor-element-e77fa84 elementor-widget elementor-widget-text-editor\" data-id=\"e77fa84\" data-element_type=\"widget\" data-widget_type=\"text-editor.default\">\n\t\t\t\t<div class=\"elementor-widget-container\">\n\t\t\t\t\t\t\t<p>- Mehr Cases kostenlos \u00f6ffnen: Bei jeder Einzahlung erh\u00e4ltst du zus\u00e4tzlich 5 % zum Spielen. Das kann sehr n\u00fctzlich sein, da es Spielern erm\u00f6glicht, mehr Cases zu \u00f6ffnen, ohne zus\u00e4tzliches Geld investieren zu m\u00fcssen.<br \/>- L\u00e4ngere Spielzeit auf der Website: Ein weiterer gro\u00dfer Vorteil der DatDrop Codes ist die Verl\u00e4ngerung der Spielzeit auf der Plattform. Manchmal reicht schon eine einzige Case, um einen massiven Gewinn zu erzielen \u2013 genau daf\u00fcr sind diese Codes gedacht.<br \/>- Kaum Bedingungen f\u00fcr den Promo-Code: Bei vielen Gambling-Seiten gibt es strenge Bedingungen f\u00fcr Promo-Codes, wie Mindesteinzahlungen oder Rollover-Anforderungen. Das ist bei DatDrop nicht der Fall. Die Codes werden bereits bei kleinsten Einzahlungen aktiviert, und der Rollover betr\u00e4gt nur 1x.<\/p>\t\t\t\t\t\t<\/div>\n\t\t\t\t<\/div>\n\t\t\t\t<div class=\"elementor-element elementor-element-118c038 elementor-widget elementor-widget-heading\" data-id=\"118c038\" data-element_type=\"widget\" data-widget_type=\"heading.default\">\n\t\t\t\t<div class=\"elementor-widget-container\">\n\t\t\t<h2 class=\"elementor-heading-title elementor-size-default\">Wie kann ich auf DatDrop einzahlen und auszahlen?<\/h2>\t\t<\/div>\n\t\t\t\t<\/div>\n\t\t\t\t<div class=\"elementor-element elementor-element-dd00565 elementor-widget elementor-widget-text-editor\" data-id=\"dd00565\" data-element_type=\"widget\" data-widget_type=\"text-editor.default\">\n\t\t\t\t<div class=\"elementor-widget-container\">\n\t\t\t\t\t\t\t<p>DatDrop unterst\u00fctzt eine Vielzahl von Zahlungsmethoden f\u00fcr Einzahlungen. Hier sind alle verf\u00fcgbaren Optionen:<br \/>1 Zen<\/p><p>2 GameMoney<\/p><p>3 Switchere<\/p><p>4 Skinpay<\/p><p>5 Waxpeer<\/p><p>6 Ethereum<\/p><p>7 Litecoin<\/p><p>8 Gift Cards<\/p><p>9 Promo Codes<\/p><p>Vergiss nicht, den DatDrop Promo-Code \u201epromo555\u201c zu nutzen, um einen zus\u00e4tzlichen 5 % Bonus auf deine Einzahlungen zu erhalten. Die Skins, die du auf DatDrop gewinnst, kannst du auszahlen, indem du auf dein Profil gehst und auf \u201eWithdrawals\u201c klickst. Von dort aus werden deine Skins \u00fcber ein Trade-Angebot direkt in dein Steam-Inventar \u00fcbertragen. Leider gibt es keine M\u00f6glichkeit, Skins in echtes Geld umzuwandeln.<\/p>\t\t\t\t\t\t<\/div>\n\t\t\t\t<\/div>\n\t\t\t\t\t<\/div>\n\t\t\t\t<\/div>\n\t\t<div class=\"elementor-element elementor-element-424cfb7 e-flex e-con-boxed e-con e-parent\" data-id=\"424cfb7\" data-element_type=\"container\">\n\t\t\t\t\t<div class=\"e-con-inner\">\n\t\t\t\t<div class=\"elementor-element elementor-element-02995ec elementor-widget elementor-widget-shortcode\" data-id=\"02995ec\" data-element_type=\"widget\" data-widget_type=\"shortcode.default\">\n\t\t\t\t<div class=\"elementor-widget-container\">\n\t\t\t\t\t<div class=\"elementor-shortcode\"><div class=\"alternative-sites\"><h2>Beste Alternativen zu store.hbty006.com<\/h2><div class=\"sites-cards-container\">                <div class=\"site-card\">\n                    <div class='site-card-header-wrapper'>\n                                                <div class='site-logo-wrapper'>\n                                <img decoding=\"async\" class=\"site-logo\" src=\"https:\/\/store.hbty006.com\/wp-content\/uploads\/2024\/08\/cases.gg-logo.webp\" alt=\"cases.gg\">\n                        <\/div>\n                                                <div class=\"site-card-header-right-wrapper\">\n                            <h3 class=\"site-name\">cases.gg<\/h3>\n                            <div class=\"site-rating\"><span class=\"star filled\">&#9733;<\/span><span class=\"star filled\">&#9733;<\/span><span class=\"star filled\">&#9733;<\/span><span class=\"star filled\">&#9733;<\/span><span class=\"star filled\">&#9733;<\/span><\/div>\n                        <\/div>\n                    <\/div>\n                    <p class=\"site-description\">Erhalte t\u00e4glich eine kostenlose Case + 5 % Einzahlungsbonus bis zu $100! L\u00d6SE den Code \u201epromo555\u201c EIN<\/p>\n                    <div class=\"buttons-container\">\n                        <a class=\"site-card-button\" href=\"https:\/\/store.hbty006.com\/de\/cases-gg-bewertung\/\" target=\"\">Bewertung lesen<\/a>\n                        <a class=\"site-card-button reward\" href=\"https:\/\/cases.gg\/r\/PROMO555\" target=\"_blank\" rel=\"noopener noreferrer\">Bonus einl\u00f6sen<\/a>\n                    <\/div>\n                <\/div>\n                            <div class=\"site-card\">\n                    <div class='site-card-header-wrapper'>\n                                                <div class='site-logo-wrapper'>\n                                <img decoding=\"async\" class=\"site-logo\" src=\"https:\/\/store.hbty006.com\/wp-content\/uploads\/2024\/08\/gamdom-logo.webp\" alt=\"gamdom.com\">\n                        <\/div>\n                                                <div class=\"site-card-header-right-wrapper\">\n                            <h3 class=\"site-name\">gamdom.com<\/h3>\n                            <div class=\"site-rating\"><span class=\"star filled\">&#9733;<\/span><span class=\"star filled\">&#9733;<\/span><span class=\"star filled\">&#9733;<\/span><span class=\"star filled\">&#9733;<\/span><span class=\"star filled\">&#9733;<\/span><\/div>\n                        <\/div>\n                    <\/div>\n                    <p class=\"site-description\">Gamdom ist eine CS:GO Gambling Seite mit verschiedenen Spielen wie Slots, Dice, Roulette und Crash. Sie bieten schnelle Krypto-Auszahlungen in vielen W\u00e4hrungen. Sofortige Rakeback-Belohnungen freischalten L\u00d6SE den Code \u201epromo555\u201c EIN<\/p>\n                    <div class=\"buttons-container\">\n                        <a class=\"site-card-button\" href=\"https:\/\/store.hbty006.com\/de\/gamdom-bewertung\/\" target=\"\">Bewertung lesen<\/a>\n                        <a class=\"site-card-button reward\" href=\"https:\/\/gamdom.com\/r\/promo555\" target=\"_blank\" rel=\"noopener noreferrer\">Bonus einl\u00f6sen<\/a>\n                    <\/div>\n                <\/div>\n                            <div class=\"site-card\">\n                    <div class='site-card-header-wrapper'>\n                                                <div class='site-logo-wrapper'>\n                                <img decoding=\"async\" class=\"site-logo\" src=\"https:\/\/store.hbty006.com\/wp-content\/uploads\/2024\/08\/csgo-roll-logo.webp\" alt=\"csgoroll.com\">\n                        <\/div>\n                                                <div class=\"site-card-header-right-wrapper\">\n                            <h3 class=\"site-name\">csgoroll.com<\/h3>\n                            <div class=\"site-rating\"><span class=\"star filled\">&#9733;<\/span><span class=\"star filled\">&#9733;<\/span><span class=\"star filled\">&#9733;<\/span><span class=\"star filled\">&#9733;<\/span><span class=\"star filled\">&#9733;<\/span><\/div>\n                        <\/div>\n                    <\/div>\n                    <p class=\"site-description\">CSGORoll ist eine bekannte Roulette- und CS:GO Betting-Seite. Du kannst Crash, Plinko und viele andere Spiele spielen!<\/p>\n                    <div class=\"buttons-container\">\n                        <a class=\"site-card-button\" href=\"https:\/\/store.hbty006.com\/de\/csgoroll-bewertung\/\" target=\"\">Bewertung lesen<\/a>\n                        <a class=\"site-card-button reward\" href=\"https:\/\/csgoroll.com\/r\/PROMO555\" target=\"_blank\" rel=\"noopener noreferrer\">Bonus einl\u00f6sen<\/a>\n                    <\/div>\n                <\/div>\n                            <div class=\"site-card\">\n                    <div class='site-card-header-wrapper'>\n                                                <div class='site-logo-wrapper'>\n                                <img decoding=\"async\" class=\"site-logo\" src=\"https:\/\/store.hbty006.com\/wp-content\/uploads\/2024\/08\/clash.gg-logo-scaled.webp\" alt=\"Clash.gg\">\n                        <\/div>\n                                                <div class=\"site-card-header-right-wrapper\">\n                            <h3 class=\"site-name\">Clash.gg<\/h3>\n                            <div class=\"site-rating\"><span class=\"star filled\">&#9733;<\/span><span class=\"star filled\">&#9733;<\/span><span class=\"star filled\">&#9733;<\/span><span class=\"star filled\">&#9733;<\/span><span class=\"star filled\">&#9733;<\/span><\/div>\n                        <\/div>\n                    <\/div>\n                    <p class=\"site-description\">Clash.gg ist eine CS:GO Case Opening Seite mit vielen Spielmodi, darunter Battle, Roulette, Upgrade und Plinko! Erhalte einen 5 % Bonus auf alle Einzahlungen und Rakeback-Belohnungen. Du kannst CS:GO Skins und Krypto sofort auszahlen. L\u00d6SE den Code \u201ePROMO555\u201c EIN<\/p>\n                    <div class=\"buttons-container\">\n                        <a class=\"site-card-button\" href=\"https:\/\/store.hbty006.com\/de\/clash-gg-bewertung\/\" target=\"\">Bewertung lesen<\/a>\n                        <a class=\"site-card-button reward\" href=\"https:\/\/clash.gg\/r\/PROMO555\" target=\"_blank\" rel=\"noopener noreferrer\">Bonus einl\u00f6sen<\/a>\n                    <\/div>\n                <\/div>\n                            <div class=\"site-card\">\n                    <div class='site-card-header-wrapper'>\n                                                <div class='site-logo-wrapper'>\n                                <img decoding=\"async\" class=\"site-logo\" src=\"https:\/\/store.hbty006.com\/wp-content\/uploads\/2024\/09\/hypedrop-logo3.png\" alt=\"hypedrop.com\">\n                        <\/div>\n                                                <div class=\"site-card-header-right-wrapper\">\n                            <h3 class=\"site-name\">hypedrop.com<\/h3>\n                            <div class=\"site-rating\"><span class=\"star filled\">&#9733;<\/span><span class=\"star filled\">&#9733;<\/span><span class=\"star filled\">&#9733;<\/span><span class=\"star filled\">&#9733;<\/span><span class=\"star half\">&#9734;<\/span><\/div>\n                        <\/div>\n                    <\/div>\n                    <p class=\"site-description\">Erhalte 3 kostenlose Boxen + 5 % Einzahlungsbonus bis zu $100 t\u00e4glich!<\/p>\n                    <div class=\"buttons-container\">\n                        <a class=\"site-card-button\" href=\"https:\/\/store.hbty006.com\/de\/hypedrop-com-bewertung\/\" target=\"\">Bewertung lesen<\/a>\n                        <a class=\"site-card-button reward\" href=\"https:\/\/hypedrop.com\/r\/PROMO555\" target=\"_blank\" rel=\"noopener noreferrer\">Bonus einl\u00f6sen<\/a>\n                    <\/div>\n                <\/div>\n            <\/div><\/div><\/div>\n\t\t\t\t<\/div>\n\t\t\t\t<\/div>\n\t\t\t\t\t<\/div>\n\t\t\t\t<\/div>\n\t\t\t\t<\/div>","protected":false},"excerpt":{"rendered":"<p>Datdrop.com review &#8211; DatDrop is a popular website for opening cases for Counter-Strike 2 skins. In addition to its regular case openings and battles, DatDrop also offers a skin upgrader and a longer-format case opening battle called a Battle Royale. This massively multiplayer game mode can accommodate up to 72 participants. Get Bonus How to [&hellip;]<\/p>","protected":false},"author":1,"featured_media":3805,"parent":0,"menu_order":0,"comment_status":"closed","ping_status":"closed","template":"","meta":{"_acf_changed":false,"footnotes":""},"class_list":["post-3400","page","type-page","status-publish","has-post-thumbnail","hentry"],"acf":[],"_links":{"self":[{"href":"https:\/\/store.hbty006.com\/de\/wp-json\/wp\/v2\/pages\/3400","targetHints":{"allow":["GET"]}}],"collection":[{"href":"https:\/\/store.hbty006.com\/de\/wp-json\/wp\/v2\/pages"}],"about":[{"href":"https:\/\/store.hbty006.com\/de\/wp-json\/wp\/v2\/types\/page"}],"author":[{"embeddable":true,"href":"https:\/\/store.hbty006.com\/de\/wp-json\/wp\/v2\/users\/1"}],"replies":[{"embeddable":true,"href":"https:\/\/store.hbty006.com\/de\/wp-json\/wp\/v2\/comments?post=3400"}],"version-history":[{"count":14,"href":"https:\/\/store.hbty006.com\/de\/wp-json\/wp\/v2\/pages\/3400\/revisions"}],"predecessor-version":[{"id":4332,"href":"https:\/\/store.hbty006.com\/de\/wp-json\/wp\/v2\/pages\/3400\/revisions\/4332"}],"wp:featuredmedia":[{"embeddable":true,"href":"https:\/\/store.hbty006.com\/de\/wp-json\/wp\/v2\/media\/3805"}],"wp:attachment":[{"href":"https:\/\/store.hbty006.com\/de\/wp-json\/wp\/v2\/media?parent=3400"}],"curies":[{"name":"wp","href":"https:\/\/api.w.org\/{rel}","templated":true}]}}