{"id":3393,"date":"2024-10-10T10:33:44","date_gmt":"2024-10-10T10:33:44","guid":{"rendered":"https:\/\/store.hbty006.com\/?page_id=3393"},"modified":"2025-03-12T11:34:11","modified_gmt":"2025-03-12T11:34:11","slug":"hybe-review","status":"publish","type":"page","link":"https:\/\/store.hbty006.com\/de\/hybe-bewertung\/","title":{"rendered":"Hybe Review"},"content":{"rendered":"<div data-elementor-type=\"wp-page\" data-elementor-id=\"3393\" class=\"elementor elementor-3393\">\n\t\t\t\t<div class=\"elementor-element elementor-element-8f770f2 e-flex e-con-boxed e-con e-parent\" data-id=\"8f770f2\" data-element_type=\"container\">\n\t\t\t\t\t<div class=\"e-con-inner\">\n\t\t\t\t<div class=\"elementor-element elementor-element-baa25e0 elementor-widget elementor-widget-heading\" data-id=\"baa25e0\" data-element_type=\"widget\" data-widget_type=\"heading.default\">\n\t\t\t\t<div class=\"elementor-widget-container\">\n\t\t\t<style>\/*! elementor - v3.23.0 - 05-08-2024 *\/\n.elementor-heading-title{padding:0;margin:0;line-height:1}.elementor-widget-heading .elementor-heading-title[class*=elementor-size-]>a{color:inherit;font-size:inherit;line-height:inherit}.elementor-widget-heading .elementor-heading-title.elementor-size-small{font-size:15px}.elementor-widget-heading .elementor-heading-title.elementor-size-medium{font-size:19px}.elementor-widget-heading .elementor-heading-title.elementor-size-large{font-size:29px}.elementor-widget-heading .elementor-heading-title.elementor-size-xl{font-size:39px}.elementor-widget-heading .elementor-heading-title.elementor-size-xxl{font-size:59px}<\/style><h1 class=\"elementor-heading-title elementor-size-default\">Hybe Bewertung <span>- April 2026<\/span><\/h1>\t\t<\/div>\n\t\t\t\t<\/div>\n\t\t\t\t<div class=\"elementor-element elementor-element-2e71043 elementor-widget elementor-widget-text-editor\" data-id=\"2e71043\" data-element_type=\"widget\" data-widget_type=\"text-editor.default\">\n\t\t\t\t<div class=\"elementor-widget-container translation-block\"><a style=\"color: #6ec1e4;font-weight: bold\" href=\"https:\/\/hybe.com\/a\/PROMO555\" target=\"_self\">Hybe<\/a>, gestartet im Jahr 2019, ist eine Website, auf der Spieler virtuelle Boxen \u00f6ffnen k\u00f6nnen, die Preise enthalten, die direkt nach Hause geliefert werden k\u00f6nnen. Die Preise reichen von Videospielen und Elektronik bis hin zu Designerkleidung, Sneakers, Uhren und mehr. Anstelle von Versandkosten k\u00f6nnen Spieler den Wert ihrer Artikel in Kryptow\u00e4hrung erhalten.<\/div>\n\t\t\t\t<\/div>\n\t\t\t\t<div class=\"elementor-element elementor-element-f807ded elementor-align-left elementor-widget elementor-widget-button\" data-id=\"f807ded\" data-element_type=\"widget\" data-widget_type=\"button.default\">\n\t\t\t\t<div class=\"elementor-widget-container\">\n\t\t\t\t\t<div class=\"elementor-button-wrapper\">\n\t\t\t<a class=\"elementor-button elementor-button-link elementor-size-sm\" href=\"https:\/\/hybe.com\/a\/PROMO555\">\n\t\t\t\t\t\t<span class=\"elementor-button-content-wrapper\">\n\t\t\t\t\t\t\t\t\t<span class=\"elementor-button-text\">Bonus erhalten<\/span>\n\t\t\t\t\t<\/span>\n\t\t\t\t\t<\/a>\n\t\t<\/div>\n\t\t\t\t<\/div>\n\t\t\t\t<\/div>\n\t\t\t\t<div class=\"elementor-element elementor-element-11aef18 elementor-widget elementor-widget-text-editor\" data-id=\"11aef18\" data-element_type=\"widget\" data-widget_type=\"text-editor.default\">\n\t\t\t\t<div class=\"elementor-widget-container\">\n\t\t\t\t\t\t\tDie Echtheit der Designerprodukte wird durch die \u00dcberpr\u00fcfung von renommierten Diensten wie GOAT und StockX garantiert. Allerdings hat Hybe einen erheblichen Vorteil f\u00fcr das Haus, und die Auswahl an g\u00fcnstigen Boxen ist begrenzt.\n\t\t\t\t\t\t<\/div>\n\t\t\t\t<\/div>\n\t\t\t\t<div class=\"elementor-element elementor-element-6ac5a40 elementor-widget elementor-widget-text-editor\" data-id=\"6ac5a40\" data-element_type=\"widget\" data-widget_type=\"text-editor.default\">\n\t\t\t\t<div class=\"elementor-widget-container\">\n\t\t\t\t\t\t\tHybe war eine der ersten Mystery-Box-Seiten im Internet. Das Funktionsprinzip ist das gleiche wie bei anderen: Du bezahlst f\u00fcr eine Box mit geheimem Inhalt und hoffst, etwas Wertvolleres zu gewinnen, als du investiert hast.\n\t\t\t\t\t\t<\/div>\n\t\t\t\t<\/div>\n\t\t\t\t<div class=\"elementor-element elementor-element-9b366ae elementor-widget elementor-widget-image\" data-id=\"9b366ae\" data-element_type=\"widget\" data-widget_type=\"image.default\">\n\t\t\t\t<div class=\"elementor-widget-container\">\n\t\t\t<style>\/*! elementor - v3.23.0 - 05-08-2024 *\/\n.elementor-widget-image{text-align:center}.elementor-widget-image a{display:inline-block}.elementor-widget-image a img[src$=\".svg\"]{width:48px}.elementor-widget-image img{vertical-align:middle;display:inline-block}<\/style>\t\t\t\t\t\t\t\t\t\t<img fetchpriority=\"high\" decoding=\"async\" width=\"800\" height=\"374\" src=\"https:\/\/store.hbty006.com\/wp-content\/uploads\/2024\/09\/hybe-review-bg1-1024x479.webp\" class=\"attachment-large size-large wp-image-852\" alt=\"Hybe Review\" srcset=\"https:\/\/store.hbty006.com\/wp-content\/uploads\/2024\/09\/hybe-review-bg1-1024x479.webp 1024w, https:\/\/store.hbty006.com\/wp-content\/uploads\/2024\/09\/hybe-review-bg1-300x140.webp 300w, https:\/\/store.hbty006.com\/wp-content\/uploads\/2024\/09\/hybe-review-bg1-768x360.webp 768w, https:\/\/store.hbty006.com\/wp-content\/uploads\/2024\/09\/hybe-review-bg1-1536x719.webp 1536w, https:\/\/store.hbty006.com\/wp-content\/uploads\/2024\/09\/hybe-review-bg1.webp 1999w\" sizes=\"(max-width: 800px) 100vw, 800px\" \/>\t\t\t\t\t\t\t\t\t\t\t\t\t<\/div>\n\t\t\t\t<\/div>\n\t\t\t\t<div class=\"elementor-element elementor-element-4e714b1 elementor-widget elementor-widget-heading\" data-id=\"4e714b1\" data-element_type=\"widget\" data-widget_type=\"heading.default\">\n\t\t\t\t<div class=\"elementor-widget-container\">\n\t\t\t<h2 class=\"elementor-heading-title elementor-size-default\">Hybe Bewertung Ist Hybe.com seri\u00f6s?\n<\/h2>\t\t<\/div>\n\t\t\t\t<\/div>\n\t\t\t\t<div class=\"elementor-element elementor-element-1a2329f elementor-widget elementor-widget-text-editor\" data-id=\"1a2329f\" data-element_type=\"widget\" data-widget_type=\"text-editor.default\">\n\t\t\t\t<div class=\"elementor-widget-container\">\n\t\t\t\t\t\t\t<p>Ja, wir glauben, dass Hybe.com legitim ist. Hier ist eine kurze Zusammenfassung:<\/p><p>\nHat seit dem Start im Jahr 2019 einen positiven Ruf aufgebaut.<\/p><p><span style=\"color: var( --e-global-color-text ); font-family: var( --e-global-typography-text-font-family ), Sans-serif; font-weight: var( --e-global-typography-text-font-weight ); text-align: var(--text-align); font-size: 1rem;\">Hybe erh\u00e4lt laut SimilarWeb-Daten etwa 40.000 Besucher pro Monat.<\/span><br><\/p><p>\nBietet Spielern ein nachweislich faires System, um die Fairness der Spiele zu gew\u00e4hrleisten.<br><\/p><p>\nAlle Spieler k\u00f6nnen ihre Gewinne in Form von Kryptow\u00e4hrung erhalten.<br><\/p><p>\nDie Website l\u00e4uft \u00fcber eine sichere, SSL-verschl\u00fcsselte Verbindung, die du durch das Schloss-Symbol links in der Adressleiste erkennen kannst. Dies zeigt an, dass deine Verbindung sicher ist.<\/p>\t\t\t\t\t\t<\/div>\n\t\t\t\t<\/div>\n\t\t\t\t<div class=\"elementor-element elementor-element-ff1ad73 elementor-widget elementor-widget-heading\" data-id=\"ff1ad73\" data-element_type=\"widget\" data-widget_type=\"heading.default\">\n\t\t\t\t<div class=\"elementor-widget-container\">\n\t\t\t<h2 class=\"elementor-heading-title elementor-size-default\">So beansprucht man den Hybe.com Bonus von 3 kostenlosen Boxen + 5 % Bonus auf die Einzahlung\n<\/h2>\t\t<\/div>\n\t\t\t\t<\/div>\n\t\t\t\t<div class=\"elementor-element elementor-element-03974ea elementor-widget elementor-widget-text-editor\" data-id=\"03974ea\" data-element_type=\"widget\" data-widget_type=\"text-editor.default\">\n\t\t\t\t<div class=\"elementor-widget-container\">\n\t\t\t\t\t\t\t<ol><li><span style=\"font-weight: 400;\">Besuche Hybe.com \u00fcber unseren bereitgestellten Link.<\/span><\/li><li><span style=\"font-weight: 400;\">Beim Erstellen eines Hybe-Kontos finde die Option \u201eCode hinzuf\u00fcgen (optional)\u201c.<\/span><\/li><li><span style=\"font-weight: 400;\">Gib den Code <strong>PROMO555<\/strong> ein.<\/span><\/li><li><span style=\"font-weight: 400;\">Schlie\u00dfe die E-Mail-Verifizierung ab und erhalte drei kostenlose Willkommensboxen.<\/span><\/li><\/ol>\t\t\t\t\t\t<\/div>\n\t\t\t\t<\/div>\n\t\t\t\t<div class=\"elementor-element elementor-element-3e4ca9a elementor-widget elementor-widget-heading\" data-id=\"3e4ca9a\" data-element_type=\"widget\" data-widget_type=\"heading.default\">\n\t\t\t\t<div class=\"elementor-widget-container\">\n\t\t\t<h2 class=\"elementor-heading-title elementor-size-default\">Wie es funktioniert<\/h2>\t\t<\/div>\n\t\t\t\t<\/div>\n\t\t\t\t<div class=\"elementor-element elementor-element-95957f8 elementor-widget elementor-widget-text-editor\" data-id=\"95957f8\" data-element_type=\"widget\" data-widget_type=\"text-editor.default\">\n\t\t\t\t<div class=\"elementor-widget-container\">\n\t\t\t\t\t\t\t<p><span style=\"font-weight: 400;\">Nachdem du ein Konto erstellt hast, musst du Guthaben hinzuf\u00fcgen, indem du auf die Schaltfl\u00e4che \u201eTop-up\u201c klickst. Zu den Zahlungsmethoden geh\u00f6ren Visa, Mastercard, Amex, Zen und Paysafe.<\/span><\/p><p><span style=\"font-weight: 400;\">Sobald du das erledigt hast, kann das Unboxing beginnen. Bevor du eine Box \u00f6ffnest, kannst du sehen, was sich darin befindet. Normalerweise gibt es etwa 70 Artikel pro Box. Die Wahrscheinlichkeit des Unboxings, die Kosten der Artikel und die Artikel selbst werden angezeigt, sobald du auf eine Box klickst. Auf diese Weise wei\u00dft du im Grunde, was du bekommen k\u00f6nntest, bevor du Geld f\u00fcr eine bestimmte Box ausgibst.\n\nSobald du deine Entscheidung getroffen hast, klicke auf \u201e\u00d6ffnen\u201c und enth\u00fclle deinen Artikel. Falls es nicht das ist, was du erwartet hast, hast du die M\u00f6glichkeit, es zur\u00fcckzugeben. Es versteht sich von selbst, dass daf\u00fcr eine Geb\u00fchr erhoben wird. Wenn dein Artikel beispielsweise 25 $ wert ist, kannst du ihn f\u00fcr etwa 12 $ verkaufen.<\/span><\/p>\t\t\t\t\t\t<\/div>\n\t\t\t\t<\/div>\n\t\t\t\t<div class=\"elementor-element elementor-element-c5ccb82 elementor-align-left elementor-widget elementor-widget-button\" data-id=\"c5ccb82\" data-element_type=\"widget\" data-widget_type=\"button.default\">\n\t\t\t\t<div class=\"elementor-widget-container\">\n\t\t\t\t\t<div class=\"elementor-button-wrapper\">\n\t\t\t<a class=\"elementor-button elementor-button-link elementor-size-sm\" href=\"https:\/\/hybe.com\/a\/PROMO555\">\n\t\t\t\t\t\t<span class=\"elementor-button-content-wrapper\">\n\t\t\t\t\t\t\t\t\t<span class=\"elementor-button-text\">Nutze jetzt unseren Hybe Promo Code<\/span>\n\t\t\t\t\t<\/span>\n\t\t\t\t\t<\/a>\n\t\t<\/div>\n\t\t\t\t<\/div>\n\t\t\t\t<\/div>\n\t\t\t\t\t<\/div>\n\t\t\t\t<\/div>\n\t\t<div class=\"elementor-element elementor-element-b574bd2 e-flex e-con-boxed e-con e-parent\" data-id=\"b574bd2\" data-element_type=\"container\">\n\t\t\t\t\t<div class=\"e-con-inner\">\n\t\t\t\t<div class=\"elementor-element elementor-element-5880aba elementor-widget elementor-widget-shortcode\" data-id=\"5880aba\" data-element_type=\"widget\" data-widget_type=\"shortcode.default\">\n\t\t\t\t<div class=\"elementor-widget-container\">\n\t\t\t\t\t<div class=\"elementor-shortcode\"><div class=\"alternative-sites\"><h2>Beste Alternativen zu store.hbty006.com<\/h2><div class=\"sites-cards-container\">                <div class=\"site-card\">\n                    <div class='site-card-header-wrapper'>\n                                                <div class='site-logo-wrapper'>\n                                <img decoding=\"async\" class=\"site-logo\" src=\"https:\/\/store.hbty006.com\/wp-content\/uploads\/2024\/08\/cases.gg-logo.webp\" alt=\"cases.gg\">\n                        <\/div>\n                                                <div class=\"site-card-header-right-wrapper\">\n                            <h3 class=\"site-name\">cases.gg<\/h3>\n                            <div class=\"site-rating\"><span class=\"star filled\">&#9733;<\/span><span class=\"star filled\">&#9733;<\/span><span class=\"star filled\">&#9733;<\/span><span class=\"star filled\">&#9733;<\/span><span class=\"star filled\">&#9733;<\/span><\/div>\n                        <\/div>\n                    <\/div>\n                    <p class=\"site-description\">Erhalte t\u00e4glich eine kostenlose Case + 5 % Einzahlungsbonus bis zu $100! L\u00d6SE den Code \u201epromo555\u201c EIN<\/p>\n                    <div class=\"buttons-container\">\n                        <a class=\"site-card-button\" href=\"https:\/\/store.hbty006.com\/de\/cases-gg-bewertung\/\" target=\"\">Bewertung lesen<\/a>\n                        <a class=\"site-card-button reward\" href=\"https:\/\/cases.gg\/r\/PROMO555\" target=\"_blank\" rel=\"noopener noreferrer\">Bonus einl\u00f6sen<\/a>\n                    <\/div>\n                <\/div>\n                            <div class=\"site-card\">\n                    <div class='site-card-header-wrapper'>\n                                                <div class='site-logo-wrapper'>\n                                <img decoding=\"async\" class=\"site-logo\" src=\"https:\/\/store.hbty006.com\/wp-content\/uploads\/2024\/08\/csgo-roll-logo.webp\" alt=\"csgoroll.com\">\n                        <\/div>\n                                                <div class=\"site-card-header-right-wrapper\">\n                            <h3 class=\"site-name\">csgoroll.com<\/h3>\n                            <div class=\"site-rating\"><span class=\"star filled\">&#9733;<\/span><span class=\"star filled\">&#9733;<\/span><span class=\"star filled\">&#9733;<\/span><span class=\"star filled\">&#9733;<\/span><span class=\"star filled\">&#9733;<\/span><\/div>\n                        <\/div>\n                    <\/div>\n                    <p class=\"site-description\">CSGORoll ist eine bekannte Roulette- und CS:GO Betting-Seite. Du kannst Crash, Plinko und viele andere Spiele spielen!<\/p>\n                    <div class=\"buttons-container\">\n                        <a class=\"site-card-button\" href=\"https:\/\/store.hbty006.com\/de\/csgoroll-bewertung\/\" target=\"\">Bewertung lesen<\/a>\n                        <a class=\"site-card-button reward\" href=\"https:\/\/csgoroll.com\/r\/PROMO555\" target=\"_blank\" rel=\"noopener noreferrer\">Bonus einl\u00f6sen<\/a>\n                    <\/div>\n                <\/div>\n                            <div class=\"site-card\">\n                    <div class='site-card-header-wrapper'>\n                                                <div class='site-logo-wrapper'>\n                                <img decoding=\"async\" class=\"site-logo\" src=\"https:\/\/store.hbty006.com\/wp-content\/uploads\/2024\/08\/gamdom-logo.webp\" alt=\"gamdom.com\">\n                        <\/div>\n                                                <div class=\"site-card-header-right-wrapper\">\n                            <h3 class=\"site-name\">gamdom.com<\/h3>\n                            <div class=\"site-rating\"><span class=\"star filled\">&#9733;<\/span><span class=\"star filled\">&#9733;<\/span><span class=\"star filled\">&#9733;<\/span><span class=\"star filled\">&#9733;<\/span><span class=\"star filled\">&#9733;<\/span><\/div>\n                        <\/div>\n                    <\/div>\n                    <p class=\"site-description\">Gamdom ist eine CS:GO Gambling Seite mit verschiedenen Spielen wie Slots, Dice, Roulette und Crash. Sie bieten schnelle Krypto-Auszahlungen in vielen W\u00e4hrungen. Sofortige Rakeback-Belohnungen freischalten L\u00d6SE den Code \u201epromo555\u201c EIN<\/p>\n                    <div class=\"buttons-container\">\n                        <a class=\"site-card-button\" href=\"https:\/\/store.hbty006.com\/de\/gamdom-bewertung\/\" target=\"\">Bewertung lesen<\/a>\n                        <a class=\"site-card-button reward\" href=\"https:\/\/gamdom.com\/r\/promo555\" target=\"_blank\" rel=\"noopener noreferrer\">Bonus einl\u00f6sen<\/a>\n                    <\/div>\n                <\/div>\n                            <div class=\"site-card\">\n                    <div class='site-card-header-wrapper'>\n                                                <div class='site-logo-wrapper'>\n                                <img decoding=\"async\" class=\"site-logo\" src=\"https:\/\/store.hbty006.com\/wp-content\/uploads\/2024\/08\/clash.gg-logo-scaled.webp\" alt=\"Clash.gg\">\n                        <\/div>\n                                                <div class=\"site-card-header-right-wrapper\">\n                            <h3 class=\"site-name\">Clash.gg<\/h3>\n                            <div class=\"site-rating\"><span class=\"star filled\">&#9733;<\/span><span class=\"star filled\">&#9733;<\/span><span class=\"star filled\">&#9733;<\/span><span class=\"star filled\">&#9733;<\/span><span class=\"star filled\">&#9733;<\/span><\/div>\n                        <\/div>\n                    <\/div>\n                    <p class=\"site-description\">Clash.gg ist eine CS:GO Case Opening Seite mit vielen Spielmodi, darunter Battle, Roulette, Upgrade und Plinko! Erhalte einen 5 % Bonus auf alle Einzahlungen und Rakeback-Belohnungen. Du kannst CS:GO Skins und Krypto sofort auszahlen. L\u00d6SE den Code \u201ePROMO555\u201c EIN<\/p>\n                    <div class=\"buttons-container\">\n                        <a class=\"site-card-button\" href=\"https:\/\/store.hbty006.com\/de\/clash-gg-bewertung\/\" target=\"\">Bewertung lesen<\/a>\n                        <a class=\"site-card-button reward\" href=\"https:\/\/clash.gg\/r\/PROMO555\" target=\"_blank\" rel=\"noopener noreferrer\">Bonus einl\u00f6sen<\/a>\n                    <\/div>\n                <\/div>\n                            <div class=\"site-card\">\n                    <div class='site-card-header-wrapper'>\n                                                <div class='site-logo-wrapper'>\n                                <img decoding=\"async\" class=\"site-logo\" src=\"https:\/\/store.hbty006.com\/wp-content\/uploads\/2024\/09\/hypedrop-logo3.png\" alt=\"hypedrop.com\">\n                        <\/div>\n                                                <div class=\"site-card-header-right-wrapper\">\n                            <h3 class=\"site-name\">hypedrop.com<\/h3>\n                            <div class=\"site-rating\"><span class=\"star filled\">&#9733;<\/span><span class=\"star filled\">&#9733;<\/span><span class=\"star filled\">&#9733;<\/span><span class=\"star filled\">&#9733;<\/span><span class=\"star half\">&#9734;<\/span><\/div>\n                        <\/div>\n                    <\/div>\n                    <p class=\"site-description\">Erhalte 3 kostenlose Boxen + 5 % Einzahlungsbonus bis zu $100 t\u00e4glich!<\/p>\n                    <div class=\"buttons-container\">\n                        <a class=\"site-card-button\" href=\"https:\/\/store.hbty006.com\/de\/hypedrop-com-bewertung\/\" target=\"\">Bewertung lesen<\/a>\n                        <a class=\"site-card-button reward\" href=\"https:\/\/hypedrop.com\/r\/PROMO555\" target=\"_blank\" rel=\"noopener noreferrer\">Bonus einl\u00f6sen<\/a>\n                    <\/div>\n                <\/div>\n            <\/div><\/div><\/div>\n\t\t\t\t<\/div>\n\t\t\t\t<\/div>\n\t\t\t\t\t<\/div>\n\t\t\t\t<\/div>\n\t\t\t\t<\/div>","protected":false},"excerpt":{"rendered":"<p>Hybe review &#8211; Hybe, launched in 2019, is a website where players can open virtual cases containing prizes that can be shipped to their doorstep. The prizes range from video games and electronics to designer clothing, sneakers, watches, and more. Instead of paying shipping fees, players can opt to receive the value of their items [&hellip;]<\/p>","protected":false},"author":1,"featured_media":3805,"parent":0,"menu_order":0,"comment_status":"closed","ping_status":"closed","template":"","meta":{"_acf_changed":false,"footnotes":""},"class_list":["post-3393","page","type-page","status-publish","has-post-thumbnail","hentry"],"acf":[],"_links":{"self":[{"href":"https:\/\/store.hbty006.com\/de\/wp-json\/wp\/v2\/pages\/3393","targetHints":{"allow":["GET"]}}],"collection":[{"href":"https:\/\/store.hbty006.com\/de\/wp-json\/wp\/v2\/pages"}],"about":[{"href":"https:\/\/store.hbty006.com\/de\/wp-json\/wp\/v2\/types\/page"}],"author":[{"embeddable":true,"href":"https:\/\/store.hbty006.com\/de\/wp-json\/wp\/v2\/users\/1"}],"replies":[{"embeddable":true,"href":"https:\/\/store.hbty006.com\/de\/wp-json\/wp\/v2\/comments?post=3393"}],"version-history":[{"count":17,"href":"https:\/\/store.hbty006.com\/de\/wp-json\/wp\/v2\/pages\/3393\/revisions"}],"predecessor-version":[{"id":4347,"href":"https:\/\/store.hbty006.com\/de\/wp-json\/wp\/v2\/pages\/3393\/revisions\/4347"}],"wp:featuredmedia":[{"embeddable":true,"href":"https:\/\/store.hbty006.com\/de\/wp-json\/wp\/v2\/media\/3805"}],"wp:attachment":[{"href":"https:\/\/store.hbty006.com\/de\/wp-json\/wp\/v2\/media?parent=3393"}],"curies":[{"name":"wp","href":"https:\/\/api.w.org\/{rel}","templated":true}]}}